{"id":744,"date":"2025-03-04T09:06:12","date_gmt":"2025-03-04T07:06:12","guid":{"rendered":"https:\/\/lentuur.ee\/?page_id=744"},"modified":"2025-03-04T10:19:26","modified_gmt":"2025-03-04T08:19:26","slug":"kooliekskursioonid","status":"publish","type":"page","link":"https:\/\/lentuur.ee\/et\/kooliekskursioonid\/","title":{"rendered":"Kooliekskursioonid"},"content":{"rendered":"<p>[et_pb_section fb_built=&#8221;1&#8243; _builder_version=&#8221;4.27.3&#8243; _module_preset=&#8221;default&#8221; custom_padding=&#8221;0px||||false|false&#8221; global_colors_info=&#8221;{}&#8221;][et_pb_row _builder_version=&#8221;4.27.3&#8243; _module_preset=&#8221;default&#8221; global_colors_info=&#8221;{}&#8221;][et_pb_column type=&#8221;4_4&#8243; _builder_version=&#8221;4.27.3&#8243; _module_preset=&#8221;default&#8221; global_colors_info=&#8221;{}&#8221;][et_pb_text _builder_version=&#8221;4.27.4&#8243; _module_preset=&#8221;default&#8221; global_colors_info=&#8221;{}&#8221;]<\/p>\n<h1>Kooliekskursioonid<\/h1>\n<p>[\/et_pb_text][et_pb_code _builder_version=&#8221;4.27.3&#8243; _module_preset=&#8221;default&#8221; global_colors_info=&#8221;{}&#8221;]<\/p>\n<style><!-- [et_pb_line_break_holder] -->\/* \u041a\u043e\u043d\u0442\u0435\u0439\u043d\u0435\u0440 \u0434\u043b\u044f \u0432\u0441\u0435\u0445 \u043f\u0440\u043e\u0435\u043a\u0442\u043e\u0432 *\/<!-- [et_pb_line_break_holder] -->.custom-projects {<!-- [et_pb_line_break_holder] --><!-- [et_pb_line_break_holder] -->}<!-- [et_pb_line_break_holder] --><!-- [et_pb_line_break_holder] -->\/* \u041e\u0431\u0435\u0440\u0442\u043a\u0430 \u0434\u043b\u044f \u043a\u0430\u0436\u0434\u043e\u0433\u043e \u043f\u0440\u043e\u0435\u043a\u0442\u0430 *\/<!-- [et_pb_line_break_holder] -->.custom-project-wrapper {<!-- [et_pb_line_break_holder] -->  \tdisplay: grid;<!-- [et_pb_line_break_holder] -->    box-shadow: 0 2px 8px rgba(0, 0, 0, 0.1);<!-- [et_pb_line_break_holder] -->    padding: 10px;<!-- [et_pb_line_break_holder] -->    grid-template-columns: 1fr 2fr;<!-- [et_pb_line_break_holder] -->    gap: 10px;<!-- [et_pb_line_break_holder] -->    align-items: start;<!-- [et_pb_line_break_holder] -->    margin-bottom: 20px;<!-- [et_pb_line_break_holder] -->}<!-- [et_pb_line_break_holder] --><!-- [et_pb_line_break_holder] -->\/* \u0418\u0437\u043e\u0431\u0440\u0430\u0436\u0435\u043d\u0438\u0435 \u043f\u0440\u043e\u0435\u043a\u0442\u0430 *\/<!-- [et_pb_line_break_holder] -->.custom-project-image img {<!-- [et_pb_line_break_holder] -->    width: 100%;<!-- [et_pb_line_break_holder] -->    height: auto;<!-- [et_pb_line_break_holder] -->    display: block;<!-- [et_pb_line_break_holder] -->}<!-- [et_pb_line_break_holder] --><!-- [et_pb_line_break_holder] -->\/* \u041a\u043e\u043d\u0442\u0435\u043d\u0442 \u043f\u0440\u043e\u0435\u043a\u0442\u0430 *\/<!-- [et_pb_line_break_holder] -->.custom-project-content {<!-- [et_pb_line_break_holder] -->\t\tpadding: 0 20px;<!-- [et_pb_line_break_holder] -->    font-size: 1rem;<!-- [et_pb_line_break_holder] -->    line-height: 1.5;<!-- [et_pb_line_break_holder] -->}<!-- [et_pb_line_break_holder] --><!-- [et_pb_line_break_holder] -->\/* \u0417\u0430\u0433\u043e\u043b\u043e\u0432\u043e\u043a \u043f\u0440\u043e\u0435\u043a\u0442\u0430 *\/<!-- [et_pb_line_break_holder] -->.custom-project-title {<!-- [et_pb_line_break_holder] -->    font-size: 1.5em;<!-- [et_pb_line_break_holder] -->    margin-bottom: 10px;<!-- [et_pb_line_break_holder] -->}<!-- [et_pb_line_break_holder] -->  <!-- [et_pb_line_break_holder] -->.custom-project-full-content { font-size: 14px; }<!-- [et_pb_line_break_holder] --><!-- [et_pb_line_break_holder] --><!-- [et_pb_line_break_holder] -->\/* \u0422\u0435\u0433-\u043a\u0430\u0440\u0442\u0438\u043d\u043a\u0430 *\/<!-- [et_pb_line_break_holder] -->.custom-project-tag-image img {<!-- [et_pb_line_break_holder] -->    width: 80%;<!-- [et_pb_line_break_holder] -->    height: auto;<!-- [et_pb_line_break_holder] -->    display: block;<!-- [et_pb_line_break_holder] -->    margin: 0 auto;<!-- [et_pb_line_break_holder] -->}<!-- [et_pb_line_break_holder] -->  <!-- [et_pb_line_break_holder] -->\/* \u041c\u0435\u0434\u0438\u0430\u0437\u0430\u043f\u0440\u043e\u0441 \u0434\u043b\u044f \u0443\u0441\u0442\u0440\u043e\u0439\u0441\u0442\u0432 \u0441 \u0448\u0438\u0440\u0438\u043d\u043e\u0439 \u044d\u043a\u0440\u0430\u043d\u0430 \u0434\u043e 1023px *\/<!-- [et_pb_line_break_holder] -->@media all and (max-width: 1023px) {<!-- [et_pb_line_break_holder] -->    \/* \u0418\u0437\u043c\u0435\u043d\u0435\u043d\u0438\u0435 \u0441\u0435\u0442\u043a\u0438 \u043f\u0440\u043e\u0435\u043a\u0442\u043e\u0432 *\/<!-- [et_pb_line_break_holder] -->    .custom-project-wrapper {<!-- [et_pb_line_break_holder] -->\t\t\t\tdisplay: flex;<!-- [et_pb_line_break_holder] -->        flex-direction: column;<!-- [et_pb_line_break_holder] -->        gap: 20px;<!-- [et_pb_line_break_holder] -->        align-items: center;<!-- [et_pb_line_break_holder] -->    }<!-- [et_pb_line_break_holder] --><!-- [et_pb_line_break_holder] -->    \/* \u0418\u0437\u043e\u0431\u0440\u0430\u0436\u0435\u043d\u0438\u0435 \u043f\u0440\u043e\u0435\u043a\u0442\u0430 *\/<!-- [et_pb_line_break_holder] -->    .custom-project-image, .custom-project-image img {<!-- [et_pb_line_break_holder] -->        width: 100%; \/* \u0412\u043e \u0432\u0441\u044e \u0448\u0438\u0440\u0438\u043d\u0443 *\/<!-- [et_pb_line_break_holder] -->        height: 250px; \/* \u0424\u0438\u043a\u0441\u0438\u0440\u043e\u0432\u0430\u043d\u043d\u0430\u044f \u0432\u044b\u0441\u043e\u0442\u0430 *\/<!-- [et_pb_line_break_holder] -->        object-fit: cover; \/* \u041e\u0431\u0440\u0435\u0437\u043a\u0430, \u0447\u0442\u043e\u0431\u044b \u0438\u0437\u043e\u0431\u0440\u0430\u0436\u0435\u043d\u0438\u0435 \u0437\u0430\u043f\u043e\u043b\u043d\u0438\u043b\u043e \u0432\u044b\u0441\u043e\u0442\u0443 *\/<!-- [et_pb_line_break_holder] -->    }<!-- [et_pb_line_break_holder] --><!-- [et_pb_line_break_holder] -->    \/* \u0422\u0435\u0433-\u043a\u0430\u0440\u0442\u0438\u043d\u043a\u0430 *\/<!-- [et_pb_line_break_holder] -->    .custom-project-tag-image img {<!-- [et_pb_line_break_holder] -->        width: 50%;<!-- [et_pb_line_break_holder] -->        height: auto;<!-- [et_pb_line_break_holder] -->        display: block;<!-- [et_pb_line_break_holder] -->        margin: 0 auto;<!-- [et_pb_line_break_holder] -->    }<!-- [et_pb_line_break_holder] -->}<!-- [et_pb_line_break_holder] --><!-- [et_pb_line_break_holder] --><\/style>\n<p><!-- [et_pb_line_break_holder] -->[\/et_pb_code][et_pb_text _builder_version=&#8221;4.27.4&#8243; _module_preset=&#8221;default&#8221; hover_enabled=&#8221;0&#8243; global_colors_info=&#8221;{}&#8221; sticky_enabled=&#8221;0&#8243;]<div class=\"custom-projects\"><div class=\"custom-project-wrapper\"><div class=\"custom-project-image\"><img loading=\"lazy\" decoding=\"async\" width=\"1920\" height=\"1444\" src=\"https:\/\/lentuur.ee\/wp-content\/uploads\/2025\/03\/narva3.jpg\" class=\"attachment-full size-full wp-post-image\" alt=\"\" srcset=\"https:\/\/lentuur.ee\/wp-content\/uploads\/2025\/03\/narva3.jpg 1920w, https:\/\/lentuur.ee\/wp-content\/uploads\/2025\/03\/narva3-1280x963.jpg 1280w, https:\/\/lentuur.ee\/wp-content\/uploads\/2025\/03\/narva3-980x737.jpg 980w, https:\/\/lentuur.ee\/wp-content\/uploads\/2025\/03\/narva3-480x361.jpg 480w\" sizes=\"(min-width: 0px) and (max-width: 480px) 480px, (min-width: 481px) and (max-width: 980px) 980px, (min-width: 981px) and (max-width: 1280px) 1280px, (min-width: 1281px) 1920px, 100vw\" title=\"\"><\/div><div class=\"custom-project-content\"><h3 class=\"custom-project-title\">Narva \u2014 Narva J\u00f5esuu (veepark) \u2014 Sillam\u00e4e!<\/h3><div class=\"custom-project-full-content\"><p>Sillam\u00e4e linnamuuseum, Narva-J\u00f5esuu, Narva raekoda<\/p>\n<p><strong>1. p\u00e4ev<\/strong><br \/>\n08:00 V\u00e4ljas\u00f5it Tallinnast. Peatus Viitna k\u00f5rtsis. Tee peal tutvustab giid teile Eesti ajalugu.<br \/>\nS\u00f5idame Ida-Eestisse ja avastame selle kauni piirkonna vaatamisv\u00e4\u00e4rsusi.<br \/>\nTutvume Sillam\u00e4ega \u2013 merev\u00e4ravatega Ida-Virumaal.<br \/>\nSillam\u00e4e oli kunagi \u201esuletud linn\u201d otse merepiiril!<\/p>\n<p>K\u00fclastame Sillam\u00e4e teemamuuseumi, kus toimub p\u00f5nev m\u00e4nguprogramm &#8220;Koha vaim&#8221;. Kas tahate teada, kuidas kujuneb linna v\u00f5i riigi identiteet? Mis m\u00e4ngib selle kujunemisel v\u00f5tmerolli? Uurime, kuidas kujuneb \u00fche asula eriline vaim alates esmamainimisest kuni t\u00e4nap\u00e4evani.<\/p>\n<p>Seej\u00e4rel s\u00f5idame kuurortlinna Narva-J\u00f5esuusse, mis on tuntud oma ainulaadse looduskeskkonna ning spaade ja sanatooriumide poolest.<\/p>\n<p>Majutumine renoveeritud spaahotellis, mis asub vaid kahe sammu kaugusel merest (2- ja 3-kohalised toad). \u00d5htul k\u00fclastame uut Noorus veeparki, kus nii suured kui ka v\u00e4iksed leiavad endale meelelahutust! Lium\u00e4ed (r\u00f5ngastega ja ilma), \u201elaiska j\u00f5gi\u201d, mullivannid ja lastebassein pakuvad r\u00f5\u00f5mu ja l\u00f5\u00f5gastust. Puhkus kuurordis ja \u00f6\u00f6bimine.<\/p>\n<p><strong>2. p\u00e4ev<\/strong><br \/>\nHommikus\u00f6\u00f6k. Hommikused p\u00e4ikese- ja veer\u00f5\u00f5mud rannas v\u00f5i Noorus spaas.<br \/>\nV\u00e4ljas\u00f5it hotellist ja ekskursioon Narva-J\u00f5esuus.<\/p>\n<p>Seej\u00e4rel v\u00f5tame suuna Narva \u2013 Eesti k\u00f5ige idapoolsemasse punkti.<br \/>\nNARVA on piiripealne linn, mis \u00fchendab \u00fcle j\u00f5e Venemaa ja Eesti kaldad, moodustades ainulaadse arhitektuurilise ansambli: Venemaa poolel asuv Jaanilinna kindlus ja Eesti poolel asuv Narva linnus.<\/p>\n<p>Narva linna t\u00e4htsamate vaatamisv\u00e4\u00e4rsuste hulka kuuluvad Narva linnus koos torniga \u201ePikk Hermann\u201c \u2013 keskaegne kindlus Narva j\u00f5e kaldal.<\/p>\n<p>Taastatud Narva raekojas ootab meid p\u00f5nev virtuaalreaalsuse n\u00e4itus. See interaktiivne atraktsioon toob virtuaalreaalsuse prillide ja puutetundlike ekraanide abil ellu Narva sellisena, nagu see oli enne Teist maailmas\u00f5da. Virtuaaln\u00e4itusel saame teha jalutusk\u00e4igu saja aasta taguses Narvas, tutvuda s\u00f5jaeelse elu ja linnaelanike lugudega ning n\u00e4ha ajalugu kohalike elanike silmade l\u00e4bi.<\/p>\n<p>Tagasis\u00f5it Tallinnasse, kuhu j\u00f5uame \u00f5htuks.<\/p>\n<\/div><\/div><\/div><\/div> [\/et_pb_text][\/et_pb_column][\/et_pb_row][\/et_pb_section]<\/p>\n","protected":false},"excerpt":{"rendered":"<p>[et_pb_section fb_built=&#8221;1&#8243; _builder_version=&#8221;4.27.3&#8243; _module_preset=&#8221;default&#8221; custom_padding=&#8221;0px||||false|false&#8221; global_colors_info=&#8221;{}&#8221;][et_pb_row _builder_version=&#8221;4.27.3&#8243; _module_preset=&#8221;default&#8221; global_colors_info=&#8221;{}&#8221;][et_pb_column type=&#8221;4_4&#8243; _builder_version=&#8221;4.27.3&#8243; _module_preset=&#8221;default&#8221; global_colors_info=&#8221;{}&#8221;][et_pb_text _builder_version=&#8221;4.27.4&#8243; _module_preset=&#8221;default&#8221; global_colors_info=&#8221;{}&#8221;] Kooliekskursioonid [\/et_pb_text][et_pb_code _builder_version=&#8221;4.27.3&#8243; _module_preset=&#8221;default&#8221; global_colors_info=&#8221;{}&#8221;] [\/et_pb_code][et_pb_text _builder_version=&#8221;4.27.4&#8243; _module_preset=&#8221;default&#8221; hover_enabled=&#8221;0&#8243; global_colors_info=&#8221;{}&#8221; sticky_enabled=&#8221;0&#8243;] [\/et_pb_text][\/et_pb_column][\/et_pb_row][\/et_pb_section]<\/p>\n","protected":false},"author":2,"featured_media":0,"parent":0,"menu_order":0,"comment_status":"closed","ping_status":"closed","template":"","meta":{"_acf_changed":false,"_et_pb_use_builder":"on","_et_pb_old_content":"<p>[et_pb_section fb_built=\"1\" _builder_version=\"4.27.3\" _module_preset=\"default\" custom_padding=\"0px||||false|false\" global_colors_info=\"{}\"][et_pb_row _builder_version=\"4.27.3\" _module_preset=\"default\" global_colors_info=\"{}\"][et_pb_column type=\"4_4\" _builder_version=\"4.27.3\" _module_preset=\"default\" global_colors_info=\"{}\"][et_pb_text _builder_version=\"4.27.3\" _module_preset=\"default\" hover_enabled=\"0\" global_colors_info=\"{}\" sticky_enabled=\"0\"]<\/p><h1>\u0428\u043a\u043e\u043b\u044c\u043d\u044b\u0435 \u0442\u0443\u0440\u044b<\/h1><p>[\/et_pb_text][et_pb_code _builder_version=\"4.27.3\" _module_preset=\"default\" global_colors_info=\"{}\"]<\/p><p><style><!-- [et_pb_line_break_holder] -->\/* \u041a\u043e\u043d\u0442\u0435\u0439\u043d\u0435\u0440 \u0434\u043b\u044f \u0432\u0441\u0435\u0445 \u043f\u0440\u043e\u0435\u043a\u0442\u043e\u0432 *\/<!-- [et_pb_line_break_holder] -->.custom-projects {<!-- [et_pb_line_break_holder] --><!-- [et_pb_line_break_holder] -->}<!-- [et_pb_line_break_holder] --><!-- [et_pb_line_break_holder] -->\/* \u041e\u0431\u0435\u0440\u0442\u043a\u0430 \u0434\u043b\u044f \u043a\u0430\u0436\u0434\u043e\u0433\u043e \u043f\u0440\u043e\u0435\u043a\u0442\u0430 *\/<!-- [et_pb_line_break_holder] -->.custom-project-wrapper {<!-- [et_pb_line_break_holder] -->  \tdisplay: grid;<!-- [et_pb_line_break_holder] -->    box-shadow: 0 2px 8px rgba(0, 0, 0, 0.1);<!-- [et_pb_line_break_holder] -->    padding: 10px;<!-- [et_pb_line_break_holder] -->    grid-template-columns: 1fr 2fr;<!-- [et_pb_line_break_holder] -->    gap: 10px;<!-- [et_pb_line_break_holder] -->    align-items: start;<!-- [et_pb_line_break_holder] -->    margin-bottom: 20px;<!-- [et_pb_line_break_holder] -->}<!-- [et_pb_line_break_holder] --><!-- [et_pb_line_break_holder] -->\/* \u0418\u0437\u043e\u0431\u0440\u0430\u0436\u0435\u043d\u0438\u0435 \u043f\u0440\u043e\u0435\u043a\u0442\u0430 *\/<!-- [et_pb_line_break_holder] -->.custom-project-image img {<!-- [et_pb_line_break_holder] -->    width: 100%;<!-- [et_pb_line_break_holder] -->    height: auto;<!-- [et_pb_line_break_holder] -->    display: block;<!-- [et_pb_line_break_holder] -->}<!-- [et_pb_line_break_holder] --><!-- [et_pb_line_break_holder] -->\/* \u041a\u043e\u043d\u0442\u0435\u043d\u0442 \u043f\u0440\u043e\u0435\u043a\u0442\u0430 *\/<!-- [et_pb_line_break_holder] -->.custom-project-content {<!-- [et_pb_line_break_holder] -->\t\tpadding: 0 20px;<!-- [et_pb_line_break_holder] -->    font-size: 1rem;<!-- [et_pb_line_break_holder] -->    line-height: 1.5;<!-- [et_pb_line_break_holder] -->}<!-- [et_pb_line_break_holder] --><!-- [et_pb_line_break_holder] -->\/* \u0417\u0430\u0433\u043e\u043b\u043e\u0432\u043e\u043a \u043f\u0440\u043e\u0435\u043a\u0442\u0430 *\/<!-- [et_pb_line_break_holder] -->.custom-project-title {<!-- [et_pb_line_break_holder] -->    font-size: 1.5em;<!-- [et_pb_line_break_holder] -->    margin-bottom: 10px;<!-- [et_pb_line_break_holder] -->}<!-- [et_pb_line_break_holder] -->  <!-- [et_pb_line_break_holder] -->.custom-project-full-content { font-size: 14px; }<!-- [et_pb_line_break_holder] --><!-- [et_pb_line_break_holder] --><!-- [et_pb_line_break_holder] -->\/* \u0422\u0435\u0433-\u043a\u0430\u0440\u0442\u0438\u043d\u043a\u0430 *\/<!-- [et_pb_line_break_holder] -->.custom-project-tag-image img {<!-- [et_pb_line_break_holder] -->    width: 80%;<!-- [et_pb_line_break_holder] -->    height: auto;<!-- [et_pb_line_break_holder] -->    display: block;<!-- [et_pb_line_break_holder] -->    margin: 0 auto;<!-- [et_pb_line_break_holder] -->}<!-- [et_pb_line_break_holder] -->  <!-- [et_pb_line_break_holder] -->\/* \u041c\u0435\u0434\u0438\u0430\u0437\u0430\u043f\u0440\u043e\u0441 \u0434\u043b\u044f \u0443\u0441\u0442\u0440\u043e\u0439\u0441\u0442\u0432 \u0441 \u0448\u0438\u0440\u0438\u043d\u043e\u0439 \u044d\u043a\u0440\u0430\u043d\u0430 \u0434\u043e 1023px *\/<!-- [et_pb_line_break_holder] -->@media all and (max-width: 1023px) {<!-- [et_pb_line_break_holder] -->    \/* \u0418\u0437\u043c\u0435\u043d\u0435\u043d\u0438\u0435 \u0441\u0435\u0442\u043a\u0438 \u043f\u0440\u043e\u0435\u043a\u0442\u043e\u0432 *\/<!-- [et_pb_line_break_holder] -->    .custom-project-wrapper {<!-- [et_pb_line_break_holder] -->\t\t\t\tdisplay: flex;<!-- [et_pb_line_break_holder] -->        flex-direction: column;<!-- [et_pb_line_break_holder] -->        gap: 20px;<!-- [et_pb_line_break_holder] -->        align-items: center;<!-- [et_pb_line_break_holder] -->    }<!-- [et_pb_line_break_holder] --><!-- [et_pb_line_break_holder] -->    \/* \u0418\u0437\u043e\u0431\u0440\u0430\u0436\u0435\u043d\u0438\u0435 \u043f\u0440\u043e\u0435\u043a\u0442\u0430 *\/<!-- [et_pb_line_break_holder] -->    .custom-project-image, .custom-project-image img {<!-- [et_pb_line_break_holder] -->        width: 100%; \/* \u0412\u043e \u0432\u0441\u044e \u0448\u0438\u0440\u0438\u043d\u0443 *\/<!-- [et_pb_line_break_holder] -->        height: 250px; \/* \u0424\u0438\u043a\u0441\u0438\u0440\u043e\u0432\u0430\u043d\u043d\u0430\u044f \u0432\u044b\u0441\u043e\u0442\u0430 *\/<!-- [et_pb_line_break_holder] -->        object-fit: cover; \/* \u041e\u0431\u0440\u0435\u0437\u043a\u0430, \u0447\u0442\u043e\u0431\u044b \u0438\u0437\u043e\u0431\u0440\u0430\u0436\u0435\u043d\u0438\u0435 \u0437\u0430\u043f\u043e\u043b\u043d\u0438\u043b\u043e \u0432\u044b\u0441\u043e\u0442\u0443 *\/<!-- [et_pb_line_break_holder] -->    }<!-- [et_pb_line_break_holder] --><!-- [et_pb_line_break_holder] -->    \/* \u0422\u0435\u0433-\u043a\u0430\u0440\u0442\u0438\u043d\u043a\u0430 *\/<!-- [et_pb_line_break_holder] -->    .custom-project-tag-image img {<!-- [et_pb_line_break_holder] -->        width: 50%;<!-- [et_pb_line_break_holder] -->        height: auto;<!-- [et_pb_line_break_holder] -->        display: block;<!-- [et_pb_line_break_holder] -->        margin: 0 auto;<!-- [et_pb_line_break_holder] -->    }<!-- [et_pb_line_break_holder] -->}<!-- [et_pb_line_break_holder] --><!-- [et_pb_line_break_holder] --><\/style><\/p><p>[\/et_pb_code][et_pb_text _builder_version=\"4.27.3\" _module_preset=\"default\" global_colors_info=\"{}\"][custom_projects category=\"13\"] [\/et_pb_text][\/et_pb_column][\/et_pb_row][\/et_pb_section]<\/p>","_et_gb_content_width":"","footnotes":""},"dipi_cpt_category":[],"class_list":["post-744","page","type-page","status-publish","hentry"],"acf":[],"_links":{"self":[{"href":"https:\/\/lentuur.ee\/et\/wp-json\/wp\/v2\/pages\/744","targetHints":{"allow":["GET"]}}],"collection":[{"href":"https:\/\/lentuur.ee\/et\/wp-json\/wp\/v2\/pages"}],"about":[{"href":"https:\/\/lentuur.ee\/et\/wp-json\/wp\/v2\/types\/page"}],"author":[{"embeddable":true,"href":"https:\/\/lentuur.ee\/et\/wp-json\/wp\/v2\/users\/2"}],"replies":[{"embeddable":true,"href":"https:\/\/lentuur.ee\/et\/wp-json\/wp\/v2\/comments?post=744"}],"version-history":[{"count":3,"href":"https:\/\/lentuur.ee\/et\/wp-json\/wp\/v2\/pages\/744\/revisions"}],"predecessor-version":[{"id":751,"href":"https:\/\/lentuur.ee\/et\/wp-json\/wp\/v2\/pages\/744\/revisions\/751"}],"wp:attachment":[{"href":"https:\/\/lentuur.ee\/et\/wp-json\/wp\/v2\/media?parent=744"}],"wp:term":[{"taxonomy":"dipi_cpt_category","embeddable":true,"href":"https:\/\/lentuur.ee\/et\/wp-json\/wp\/v2\/dipi_cpt_category?post=744"}],"curies":[{"name":"wp","href":"https:\/\/api.w.org\/{rel}","templated":true}]}}