{"id":758,"date":"2025-01-27T12:55:29","date_gmt":"2025-01-27T10:55:29","guid":{"rendered":"https:\/\/lentuur.ee\/?page_id=758"},"modified":"2026-04-10T09:50:00","modified_gmt":"2026-04-10T07:50:00","slug":"reisikindlustus","status":"publish","type":"page","link":"https:\/\/lentuur.ee\/et\/reisikindlustus\/","title":{"rendered":"Reisikindlustus"},"content":{"rendered":"<p>[et_pb_section fb_built=&#8221;1&#8243; _builder_version=&#8221;4.27.3&#8243; _module_preset=&#8221;default&#8221; custom_padding=&#8221;0px||||false|false&#8221; global_colors_info=&#8221;{}&#8221;][et_pb_row _builder_version=&#8221;4.27.3&#8243; _module_preset=&#8221;default&#8221; custom_padding=&#8221;||0px||false|false&#8221; global_colors_info=&#8221;{}&#8221;][et_pb_column type=&#8221;4_4&#8243; _builder_version=&#8221;4.27.3&#8243; _module_preset=&#8221;default&#8221; global_colors_info=&#8221;{}&#8221;][et_pb_text _builder_version=&#8221;4.27.4&#8243; _module_preset=&#8221;default&#8221; global_colors_info=&#8221;{}&#8221;]<\/p>\n<h1>Reisikindlustus<\/h1>\n<p>[\/et_pb_text][\/et_pb_column][\/et_pb_row][et_pb_row column_structure=&#8221;1_2,1_2&#8243; _builder_version=&#8221;4.27.3&#8243; _module_preset=&#8221;default&#8221; global_colors_info=&#8221;{}&#8221;][et_pb_column type=&#8221;1_2&#8243; _builder_version=&#8221;4.27.3&#8243; _module_preset=&#8221;default&#8221; global_colors_info=&#8221;{}&#8221;][et_pb_text _builder_version=&#8221;4.27.4&#8243; _module_preset=&#8221;default&#8221; global_colors_info=&#8221;{}&#8221;]<\/p>\n<p><strong>Miks on reisikindlustus vajalik?<\/strong><\/p>\n<p>Pole meeldiv haigestuda enne reisi v\u00f5i reisi ajal, kuid veel ebameeldivam on saada arve tervishoiuteenuste eest v\u00e4lisriigis, kus ravikulud v\u00f5ivad olla v\u00e4ga k\u00f5rged.<\/p>\n<p>Keskmine arve tervishoiuteenuste eest ulatub 350 euroni, kuid kui tekib olukord, kus on vajalik meditsiiniline evakueerimine, v\u00f5ib see summa ulatuda \u00fcle 3 000 euro.<\/p>\n<p>Reis v\u00f5ib sattuda ohtu ootamatute s\u00fcndmuste t\u00f5ttu nagu haigus, lennu hilinemine v\u00f5i t\u00fchistamine, pagasi kadumine v\u00f5i kahjustumine \u2013 k\u00f5ik need toovad kaasa lisakulutusi, milleks reisijad sageli valmis ei ole.<\/p>\n<p><strong>Et teie reis kulgeks probleemideta ja pakuks vaid positiivseid emotsioone, soovitame tungivalt vormistada reisikindlustuse!<\/strong><\/p>\n<p>[\/et_pb_text][\/et_pb_column][et_pb_column type=&#8221;1_2&#8243; _builder_version=&#8221;4.27.3&#8243; _module_preset=&#8221;default&#8221; global_colors_info=&#8221;{}&#8221;][et_pb_image src=&#8221;https:\/\/lentuur.ee\/wp-content\/uploads\/2026\/04\/img_5476-1-scaled.jpeg&#8221; title_text=&#8221;IMG_5476&#8243; _builder_version=&#8221;4.27.5&#8243; _module_preset=&#8221;default&#8221; hover_enabled=&#8221;0&#8243; global_colors_info=&#8221;{}&#8221; sticky_enabled=&#8221;0&#8243;][\/et_pb_image][\/et_pb_column][\/et_pb_row][et_pb_row _builder_version=&#8221;4.27.3&#8243; _module_preset=&#8221;default&#8221; global_colors_info=&#8221;{}&#8221;][et_pb_column type=&#8221;4_4&#8243; _builder_version=&#8221;4.27.3&#8243; _module_preset=&#8221;default&#8221; global_colors_info=&#8221;{}&#8221;][et_pb_text _builder_version=&#8221;4.27.4&#8243; _module_preset=&#8221;default&#8221; global_colors_info=&#8221;{}&#8221;]<\/p>\n<h3>Meie partner: BTA Kindlustus<\/h3>\n<p><strong>Kindlustuse tingimused:<\/strong><br \/>\n&#8211; Reisi kogukulud (transport, majutus, auto rent jne).<br \/>\n&#8211; Kindlustatava isiku isikukood.<br \/>\n&#8211; Kindlustusperiood.<\/p>\n<p><strong>Kindlustuse hind:<\/strong><br \/>\nPoliisi maksumus s\u00f5ltub reisip\u00e4evade arvust, sihtriigist, reisi maksumusest ja muudest teguritest.<\/p>\n<p><strong>Tingimustega saad tutvuda siin:<\/strong><br \/>\n<a href=\"https:\/\/lentuur.ee\/wp-content\/uploads\/2025\/03\/ipid-teabedokument-reisikindlustus-est.pdf\" target=\"_blank\" rel=\"noopener\">Teabedokument reisikindlustus (PDF)<\/a><br \/>\n<a href=\"https:\/\/lentuur.ee\/wp-content\/uploads\/2025\/03\/reiskindlustuse-tingimused-nr-ee-18-01.pdf\" target=\"_blank\" rel=\"noopener\">Reiskindlustuse tingimused (PDF)<\/a>[\/et_pb_text][\/et_pb_column][\/et_pb_row][\/et_pb_section]<\/p>\n","protected":false},"excerpt":{"rendered":"<p>ReisikindlustusMiks on reisikindlustus vajalik? Pole meeldiv haigestuda enne reisi v\u00f5i reisi ajal, kuid veel ebameeldivam on saada arve tervishoiuteenuste eest v\u00e4lisriigis, kus ravikulud v\u00f5ivad olla v\u00e4ga k\u00f5rged. Keskmine arve tervishoiuteenuste eest ulatub 350 euroni, kuid kui tekib olukord, kus on vajalik meditsiiniline evakueerimine, v\u00f5ib see summa ulatuda \u00fcle 3 000 euro. Reis v\u00f5ib sattuda ohtu [&hellip;]<\/p>\n","protected":false},"author":2,"featured_media":0,"parent":0,"menu_order":0,"comment_status":"closed","ping_status":"closed","template":"","meta":{"_acf_changed":false,"_et_pb_use_builder":"on","_et_pb_old_content":"[et_pb_section fb_built=\"1\" _builder_version=\"4.27.3\" _module_preset=\"default\" hover_enabled=\"0\" global_colors_info=\"{}\" custom_padding=\"0px||||false|false\" sticky_enabled=\"0\"][et_pb_row _builder_version=\"4.27.3\" _module_preset=\"default\" custom_padding=\"||0px||false|false\" global_colors_info=\"{}\"][et_pb_column type=\"4_4\" _builder_version=\"4.27.3\" _module_preset=\"default\" global_colors_info=\"{}\"][et_pb_text _builder_version=\"4.27.3\" _module_preset=\"default\" global_colors_info=\"{}\"]<h1>\u0421\u0442\u0440\u0430\u0445\u043e\u0432\u0430\u043d\u0438\u0435 \u043f\u0443\u0442\u0435\u0448\u0435\u0441\u0442\u0432\u0438\u044f<\/h1>[\/et_pb_text][\/et_pb_column][\/et_pb_row][et_pb_row column_structure=\"1_2,1_2\" _builder_version=\"4.27.3\" _module_preset=\"default\" global_colors_info=\"{}\"][et_pb_column type=\"1_2\" _builder_version=\"4.27.3\" _module_preset=\"default\" global_colors_info=\"{}\"][et_pb_text _builder_version=\"4.27.3\" _module_preset=\"default\" global_colors_info=\"{}\"]<p><strong>\u0417\u0430\u0447\u0435\u043c \u043d\u0443\u0436\u043d\u043e \u0441\u0442\u0440\u0430\u0445\u043e\u0432\u0430\u043d\u0438\u0435 \u043f\u0443\u0442\u0435\u0448\u0435\u0441\u0442\u0432\u0438\u0439:<\/strong><\/p>\r\n<p>\u041e\u0447\u0435\u043d\u044c \u043d\u0435 \u043f\u0440\u0438\u044f\u0442\u043d\u043e \u0437\u0430\u0431\u043e\u043b\u0435\u0442\u044c \u043f\u0435\u0440\u0435\u0434 \u043e\u0442\u043f\u0443\u0441\u043a\u043e\u043c \u0438 \u043f\u043e\u0435\u0437\u0434\u043a\u043e\u0439, \u0438 \u0442\u0435\u043c \u0431\u043e\u043b\u0435\u0435 \u0432 \u043f\u0443\u0442\u0435\u0448\u0435\u0441\u0442\u0432\u0438\u0438, \u0430 \u0435\u0449\u0451 \u043d\u0435\u043f\u0440\u0438\u044f\u0442\u043d\u0435\u0435 \u043f\u043e\u043b\u0443\u0447\u0438\u0442\u044c \u0441\u0447\u0451\u0442 \u0437\u0430 \u043c\u0435\u0434\u0438\u0446\u0438\u043d\u0441\u043a\u0443\u044e \u043f\u043e\u043c\u043e\u0449\u044c \u0432 \u0434\u0440\u0443\u0433\u043e\u0439 \u0441\u0442\u0440\u0430\u043d\u0435, \u0437\u0430 \u043f\u0440\u0435\u0434\u0435\u043b\u0430\u043c\u0438 \u042d\u0441\u0442\u043e\u043d\u0438\u0438.<\/p>\r\n<p>\u0421\u0440\u0435\u0434\u043d\u0438\u0439 \u0441\u0447\u0435\u0442 \u043c\u0435\u0434\u0438\u0446\u0438\u043d\u0441\u043a\u043e\u0439 \u043f\u043e\u043c\u043e\u0449\u0438 \u0441\u043e\u0441\u0442\u0430\u0432\u043b\u044f\u0435\u0442 350 EUR, \u043d\u043e, \u0435\u0441\u043b\u0438 \u0432\u043e\u0437\u043d\u0438\u043a\u043d\u0435\u0442 \u0441\u0438\u0442\u0443\u0430\u0446\u0438\u044f, \u0430 \u0435\u0441\u043b\u0438 \u043d\u0435\u043e\u0431\u0445\u043e\u0434\u0438\u043c\u0430 \u043c\u0435\u0434\u0438\u0446\u0438\u043d\u0441\u043a\u0430\u044f \u044d\u0432\u0430\u043a\u0443\u0430\u0446\u0438\u044f, \u0441\u0440\u0435\u0434\u043d\u0438\u0439 \u0441\u0447\u0451\u0442 \u0434\u043e\u0441\u0442\u0438\u0433\u0430\u0435\u0442 \u0431\u043e\u043b\u0435\u0435 3 000 EUR.<\/p>\r\n<p>\u041c\u043d\u043e\u0433\u043e \u0440\u0430\u0437\u043d\u044b\u0445 \u0444\u0430\u043a\u0442\u043e\u0440\u043e\u0432, \u043a\u043e\u0442\u043e\u0440\u044b\u0435 \u043c\u043e\u0433\u0443\u0442 \u043d\u0435 \u043f\u0440\u0438\u044f\u0442\u043d\u043e \u043f\u043e\u0432\u043b\u0438\u044f\u0442\u044c \u043d\u0430 \u043e\u0442\u043f\u0443\u0441\u043a: \u0432\u043d\u0435\u0437\u0430\u043f\u043d\u043e\u0435 \u0437\u0430\u0431\u043e\u043b\u0435\u0432\u0430\u043d\u0438\u0435, \u0437\u0430\u0434\u0435\u0440\u0436\u043a\u0430 \u0440\u0435\u0439\u0441\u0430, \u043e\u0442\u043c\u0435\u043d\u0430 \u0440\u0435\u0439\u0441\u0430, \u043f\u043e\u0442\u0435\u0440\u044f \u0438\u043b\u0438 \u043f\u043e\u0440\u0447\u0430 \u0431\u0430\u0433\u0430\u0436\u0430\u2026 \u042d\u0442\u043e \u0432\u0441\u0435 \u043f\u0440\u0438\u0432\u043e\u0434\u0438\u0442 \u043a \u0440\u0430\u0441\u0445\u043e\u0434\u0430\u043c, \u043a \u043a\u043e\u0442\u043e\u0440\u044b\u043c \u0442\u0443\u0440\u0438\u0441\u0442\u044b \u043d\u0435 \u0433\u043e\u0442\u043e\u0432\u044b.<\/p>\r\n<p><strong>\u0427\u0442\u043e\u0431\u044b \u043f\u0443\u0442\u0435\u0448\u0435\u0441\u0442\u0432\u0438\u0435 \u043f\u0440\u043e\u0448\u043b\u043e \u043e\u0442\u043b\u0438\u0447\u043d\u043e \u0438 \u0442\u043e\u043b\u044c\u043a\u043e \u0441 \u043f\u043e\u043b\u043e\u0436\u0438\u0442\u0435\u043b\u044c\u043d\u044b\u043c\u0438 \u044d\u043c\u043e\u0446\u0438\u044f\u043c\u0438, \u043c\u044b \u043d\u0430\u0441\u0442\u043e\u044f\u0442\u0435\u043b\u044c\u043d\u043e \u0440\u0435\u043a\u043e\u043c\u0435\u043d\u0434\u0443\u0435\u043c \u043e\u0444\u043e\u0440\u043c\u0438\u0442\u044c \u0441\u0442\u0440\u0430\u0445\u043e\u0432\u0430\u043d\u0438\u0435 \u043f\u0443\u0442\u0435\u0448\u0435\u0441\u0442\u0432\u0438\u0439!<\/strong><\/p>[\/et_pb_text][\/et_pb_column][et_pb_column type=\"1_2\" _builder_version=\"4.27.3\" _module_preset=\"default\" global_colors_info=\"{}\"][et_pb_image src=\"https:\/\/lentuur.ee\/wp-content\/uploads\/2025\/02\/imns.jpg\" title_text=\"imns\" _builder_version=\"4.27.3\" _module_preset=\"default\" global_colors_info=\"{}\"][\/et_pb_image][\/et_pb_column][\/et_pb_row][et_pb_row _builder_version=\"4.27.3\" _module_preset=\"default\" global_colors_info=\"{}\"][et_pb_column type=\"4_4\" _builder_version=\"4.27.3\" _module_preset=\"default\" global_colors_info=\"{}\"][et_pb_text _builder_version=\"4.27.3\" _module_preset=\"default\" global_colors_info=\"{}\"]<h3>\u041d\u0410\u0428 \u041f\u0410\u0420\u0422\u041d\u0415\u0420 \u0443\u0436\u0435 \u043c\u043d\u043e\u0433\u043e \u043b\u0435\u0442 BTA KINDLUSTUS<\/h3>\r\n<p><strong>\u0423\u0441\u043b\u043e\u0432\u0438\u044f \u0434\u043b\u044f \u043e\u0444\u043e\u0440\u043c\u043b\u0435\u043d\u0438\u044f \u0441\u0442\u0440\u0430\u0445\u043e\u0432\u043e\u0433\u043e \u043f\u043e\u043b\u0438\u0441\u0430:<\/strong><br \/>- \u041e\u0431\u0449\u0430\u044f \u0441\u0443\u043c\u043c\u0430 \u0440\u0430\u0441\u0445\u043e\u0434\u043e\u0432 \u0440\u0435\u0439\u0441\u0430 (\u0442\u0440\u0430\u043d\u0441\u043f\u043e\u0440\u0442, \u043f\u0440\u043e\u0436\u0438\u0432\u0430\u043d\u0438\u0435, \u0430\u0440\u0435\u043d\u0434\u0430 \u0430\u0432\u0442\u043e\u043c\u043e\u0431\u0438\u043b\u044f \u0438 \u0432\u0441\u0435 \u0434\u043e\u043f\u043e\u043b\u043d\u0438\u0442\u0435\u043b\u044c\u043d\u044b\u0435 \u0440\u0430\u0441\u0445\u043e\u0434\u044b)<br \/>- \u041b\u0438\u0447\u043d\u044b\u0439 \u043a\u043e\u0434 \u0441\u0442\u0440\u0430\u0445\u0443\u044e\u0449\u0435\u0433\u043e\u0441\u044f \u043b\u0438\u0446\u0430<br \/>- \u041f\u0435\u0440\u0438\u043e\u0434 \u0441\u0442\u0440\u0430\u0445\u043e\u0432\u0430\u043d\u0438\u044f<\/p>\r\n<p><strong>\u0421\u0442\u043e\u0438\u043c\u043e\u0441\u0442\u044c \u0441\u0442\u0440\u0430\u0445\u043e\u0432\u0430\u043d\u0438\u044f:<\/strong><br \/>\u0421\u0443\u043c\u043c\u0430 \u043f\u043e\u043b\u0438\u0441\u0430 \u0441\u0442\u0440\u0430\u0445\u043e\u0432\u0430\u043d\u0438\u044f \u0437\u0430\u0432\u0438\u0441\u0438\u0442 \u043e\u0442 \u043a\u043e\u043b\u0438\u0447\u0435\u0441\u0442\u0432\u0430 \u0434\u043d\u0435\u0439, \u0441\u0442\u0440\u0430\u043d\u044b, \u0441\u0443\u043c\u043c\u044b \u0440\u0430\u0441\u0445\u043e\u0434\u043e\u0432 \u043d\u0430 \u043f\u0443\u0442\u0435\u0448\u0435\u0441\u0442\u0432\u0438\u0435, \u0434\u043e\u043f\u043e\u043b\u043d\u0438\u0442\u0435\u043b\u044c\u043d\u044b\u0445 \u0444\u0430\u043a\u0442\u043e\u0440\u043e\u0432 \u0438 \u0440\u0430\u0441\u0445\u043e\u0434\u043e\u0432.<\/p>\r\n<p><strong>\u041e\u0437\u043d\u0430\u043a\u043e\u043c\u0438\u0442\u044c\u0441\u044f \u0441 \u0443\u0441\u043b\u043e\u0432\u0438\u044f\u043c\u0438 \u043c\u043e\u0436\u043d\u043e \u0437\u0434\u0435\u0441\u044c:<\/strong><br \/><a href=\"https:\/\/www.bta.ee\/media\/userfiles\/files\/IPID-Strahovanie-puteshestviya-RUS.pdf\" target=\"_blank\" rel=\"noopener\">\u0418\u043d\u0444\u043e\u0440\u043c\u0430\u0446\u0438\u043e\u043d\u043d\u044b\u0439 \u0434\u043e\u043a\u0443\u043c\u0435\u043d\u0442 \u043e\u0431 \u0443\u0441\u043b\u0443\u0433\u0435 \u0441\u0442\u0440\u0430\u0445\u043e\u0432\u0430\u043d\u0438\u044f (PDF)<\/a><br \/><a href=\"https:\/\/www.bta.ee\/media\/tingimused-16ee-2-ru.pdf\" target=\"_blank\" rel=\"noopener\">\u0423\u0441\u043b\u043e\u0432\u0438\u044f \u0441\u0442\u0440\u0430\u0445\u043e\u0432\u0430\u043d\u0438\u044f \u043f\u0443\u0442\u0435\u0448\u0435\u0441\u0442\u0432\u0438\u0439 (PDF)<\/a><\/p>[\/et_pb_text][\/et_pb_column][\/et_pb_row][\/et_pb_section]","_et_gb_content_width":"","footnotes":""},"dipi_cpt_category":[],"class_list":["post-758","page","type-page","status-publish","hentry"],"acf":[],"_links":{"self":[{"href":"https:\/\/lentuur.ee\/et\/wp-json\/wp\/v2\/pages\/758","targetHints":{"allow":["GET"]}}],"collection":[{"href":"https:\/\/lentuur.ee\/et\/wp-json\/wp\/v2\/pages"}],"about":[{"href":"https:\/\/lentuur.ee\/et\/wp-json\/wp\/v2\/types\/page"}],"author":[{"embeddable":true,"href":"https:\/\/lentuur.ee\/et\/wp-json\/wp\/v2\/users\/2"}],"replies":[{"embeddable":true,"href":"https:\/\/lentuur.ee\/et\/wp-json\/wp\/v2\/comments?post=758"}],"version-history":[{"count":5,"href":"https:\/\/lentuur.ee\/et\/wp-json\/wp\/v2\/pages\/758\/revisions"}],"predecessor-version":[{"id":3347,"href":"https:\/\/lentuur.ee\/et\/wp-json\/wp\/v2\/pages\/758\/revisions\/3347"}],"wp:attachment":[{"href":"https:\/\/lentuur.ee\/et\/wp-json\/wp\/v2\/media?parent=758"}],"wp:term":[{"taxonomy":"dipi_cpt_category","embeddable":true,"href":"https:\/\/lentuur.ee\/et\/wp-json\/wp\/v2\/dipi_cpt_category?post=758"}],"curies":[{"name":"wp","href":"https:\/\/api.w.org\/{rel}","templated":true}]}}