{"id":808,"date":"2025-03-04T11:08:55","date_gmt":"2025-03-04T09:08:55","guid":{"rendered":"https:\/\/lentuur.ee\/?page_id=808"},"modified":"2025-03-11T09:44:10","modified_gmt":"2025-03-11T07:44:10","slug":"laevareisid","status":"publish","type":"page","link":"https:\/\/lentuur.ee\/et\/laevareisid\/","title":{"rendered":"Laevareisid"},"content":{"rendered":"<p>[et_pb_section fb_built=&#8221;1&#8243; _builder_version=&#8221;4.27.3&#8243; _module_preset=&#8221;default&#8221; custom_padding=&#8221;0px||||false|false&#8221; global_colors_info=&#8221;{}&#8221;][et_pb_row _builder_version=&#8221;4.27.3&#8243; _module_preset=&#8221;default&#8221; global_colors_info=&#8221;{}&#8221;][et_pb_column type=&#8221;4_4&#8243; _builder_version=&#8221;4.27.3&#8243; _module_preset=&#8221;default&#8221; global_colors_info=&#8221;{}&#8221;][et_pb_text _builder_version=&#8221;4.27.4&#8243; _module_preset=&#8221;default&#8221; text_orientation=&#8221;center&#8221; global_colors_info=&#8221;{}&#8221;]<\/p>\n<h1>Laevareisid<\/h1>\n<p>Minge p\u00f5nevale reisile m\u00f6\u00f6da merd meie laevareisidega. Pakume hoolikalt planeeritud marsruute, kus iga detail on loodud teie mugavuseks ja naudinguks. Nautige maalilisi vaateid, meretuult ja uusi elamusi igal reisi etapil.[\/et_pb_text][\/et_pb_column][\/et_pb_row][et_pb_row _builder_version=&#8221;4.27.4&#8243; _module_preset=&#8221;default&#8221; hover_enabled=&#8221;0&#8243; global_colors_info=&#8221;{}&#8221; custom_padding=&#8221;0px||||false|false&#8221; sticky_enabled=&#8221;0&#8243;][et_pb_column type=&#8221;4_4&#8243; _builder_version=&#8221;4.27.3&#8243; _module_preset=&#8221;default&#8221; global_colors_info=&#8221;{}&#8221;][et_pb_text module_class=&#8221;all-grid&#8221; _builder_version=&#8221;4.27.4&#8243; _module_preset=&#8221;default&#8221; global_colors_info=&#8221;{}&#8221;]<\/p>\n<div class=\"custom-blog-grid\"><div class=\"custom-blog-item\"><div class=\"custom-blog-image\"><img loading=\"lazy\" decoding=\"async\" width=\"1223\" height=\"858\" src=\"https:\/\/lentuur.ee\/wp-content\/uploads\/2025\/09\/istock-sakura.jpg\" class=\"attachment-post-thumbnail size-post-thumbnail wp-post-image\" alt=\"\" srcset=\"https:\/\/lentuur.ee\/wp-content\/uploads\/2025\/09\/istock-sakura.jpg 1223w, https:\/\/lentuur.ee\/wp-content\/uploads\/2025\/09\/istock-sakura-980x688.jpg 980w, https:\/\/lentuur.ee\/wp-content\/uploads\/2025\/09\/istock-sakura-480x337.jpg 480w\" sizes=\"(min-width: 0px) and (max-width: 480px) 480px, (min-width: 481px) and (max-width: 980px) 980px, (min-width: 981px) 1223px, 100vw\" title=\"\"><\/div><h4 class=\"custom-blog-title\"><a href=\"https:\/\/lentuur.ee\/et\/stockholm-sakuraoites-merevaatega-ja-anne-veski-muusika-saatel\/\">Stockholm sakura\u00f5ites, merevaatega ja Anne Veski muusika saatel!<\/a><\/h4><div class=\"custom-blog-details\"><p class=\"custom-blog-date\"><p>24.04 &#8211; 26.04<\/p>\n<\/p><p class=\"custom-blog-category\">Laevareisid<\/p><div class=\"custom-blog-excerpt\">alates 129 \u20ac<\/div><\/div><a href=\"https:\/\/lentuur.ee\/et\/stockholm-sakuraoites-merevaatega-ja-anne-veski-muusika-saatel\/\" class=\"custom-blog-button\">L\u00e4hemalt<\/a><\/div><div class=\"custom-blog-item\"><div class=\"custom-blog-image\"><img loading=\"lazy\" decoding=\"async\" width=\"960\" height=\"720\" src=\"https:\/\/lentuur.ee\/wp-content\/uploads\/2026\/01\/porvo-karmen-1.jpg\" class=\"attachment-post-thumbnail size-post-thumbnail wp-post-image\" alt=\"\" srcset=\"https:\/\/lentuur.ee\/wp-content\/uploads\/2026\/01\/porvo-karmen-1.jpg 960w, https:\/\/lentuur.ee\/wp-content\/uploads\/2026\/01\/porvo-karmen-1-480x360.jpg 480w\" sizes=\"(min-width: 0px) and (max-width: 480px) 480px, (min-width: 481px) 960px, 100vw\" title=\"\"><\/div><h4 class=\"custom-blog-title\"><a href=\"https:\/\/lentuur.ee\/et\/soome-porvoo-ja-helsingi-koos-fazeri-tehase-muuseumi-kulastusega\/\">SOOME: Porvoo ja Helsingi koos FAZERI tehase muuseumi k\u00fclastusega!<\/a><\/h4><div class=\"custom-blog-details\"><p class=\"custom-blog-date\"><p>23.05.2026<\/p>\n<\/p><p class=\"custom-blog-category\">Laevareisid<\/p><div class=\"custom-blog-excerpt\">119 \u20ac<\/div><\/div><a href=\"https:\/\/lentuur.ee\/et\/soome-porvoo-ja-helsingi-koos-fazeri-tehase-muuseumi-kulastusega\/\" class=\"custom-blog-button\">L\u00e4hemalt<\/a><\/div><div class=\"custom-blog-item\"><div class=\"custom-blog-image\"><img loading=\"lazy\" decoding=\"async\" width=\"1200\" height=\"900\" src=\"https:\/\/lentuur.ee\/wp-content\/uploads\/2026\/01\/kotka2.jpg\" class=\"attachment-post-thumbnail size-post-thumbnail wp-post-image\" alt=\"\" srcset=\"https:\/\/lentuur.ee\/wp-content\/uploads\/2026\/01\/kotka2.jpg 1200w, https:\/\/lentuur.ee\/wp-content\/uploads\/2026\/01\/kotka2-980x735.jpg 980w, https:\/\/lentuur.ee\/wp-content\/uploads\/2026\/01\/kotka2-480x360.jpg 480w\" sizes=\"(min-width: 0px) and (max-width: 480px) 480px, (min-width: 481px) and (max-width: 980px) 980px, (min-width: 981px) 1200px, 100vw\" title=\"\"><\/div><h4 class=\"custom-blog-title\"><a href=\"https:\/\/lentuur.ee\/et\/kuninglik-soome-rannak-langinkoski-kotka-ja-loviisa\/\">Kuninglik Soome r\u00e4nnak: L\u00e5nginkoski, Kotka ja Loviisa!<\/a><\/h4><div class=\"custom-blog-details\"><p class=\"custom-blog-date\"><p>06.06.2026<\/p>\n<\/p><p class=\"custom-blog-category\">Laevareisid<\/p><div class=\"custom-blog-excerpt\">129 \u20ac<\/div><\/div><a href=\"https:\/\/lentuur.ee\/et\/kuninglik-soome-rannak-langinkoski-kotka-ja-loviisa\/\" class=\"custom-blog-button\">L\u00e4hemalt<\/a><\/div><div class=\"custom-blog-item\"><div class=\"custom-blog-image\"><img loading=\"lazy\" decoding=\"async\" width=\"1300\" height=\"867\" src=\"https:\/\/lentuur.ee\/wp-content\/uploads\/2025\/09\/norway-istock-e1761296887792.jpg\" class=\"attachment-post-thumbnail size-post-thumbnail wp-post-image\" alt=\"\" srcset=\"https:\/\/lentuur.ee\/wp-content\/uploads\/2025\/09\/norway-istock-e1761296887792.jpg 1300w, https:\/\/lentuur.ee\/wp-content\/uploads\/2025\/09\/norway-istock-1280x853.jpg 1280w, https:\/\/lentuur.ee\/wp-content\/uploads\/2025\/09\/norway-istock-980x653.jpg 980w, https:\/\/lentuur.ee\/wp-content\/uploads\/2025\/09\/norway-istock-480x320.jpg 480w\" sizes=\"(min-width: 0px) and (max-width: 480px) 480px, (min-width: 481px) and (max-width: 980px) 980px, (min-width: 981px) and (max-width: 1280px) 1280px, (min-width: 1281px) 1300px, 100vw\" title=\"\"><\/div><h4 class=\"custom-blog-title\"><a href=\"https:\/\/lentuur.ee\/et\/norra-fjordide-kuningriik-2\/\">Norra \u2013 fjordide kuningriik!<\/a><\/h4><div class=\"custom-blog-details\"><p class=\"custom-blog-date\"><p>21.06 \u2014 27.06<\/p>\n<\/p><p class=\"custom-blog-category\">Bussireisid<\/p><div class=\"custom-blog-excerpt\">699 \u20ac<\/div><\/div><a href=\"https:\/\/lentuur.ee\/et\/norra-fjordide-kuningriik-2\/\" class=\"custom-blog-button\">L\u00e4hemalt<\/a><\/div><div class=\"custom-blog-item\"><div class=\"custom-blog-image\"><img loading=\"lazy\" decoding=\"async\" width=\"2560\" height=\"1920\" src=\"https:\/\/lentuur.ee\/wp-content\/uploads\/2025\/12\/img_3380-scaled.jpg\" class=\"attachment-post-thumbnail size-post-thumbnail wp-post-image\" alt=\"\" srcset=\"https:\/\/lentuur.ee\/wp-content\/uploads\/2025\/12\/img_3380-scaled.jpg 2560w, https:\/\/lentuur.ee\/wp-content\/uploads\/2025\/12\/img_3380-1280x720.jpg 1280w, https:\/\/lentuur.ee\/wp-content\/uploads\/2025\/12\/img_3380-980x551.jpg 980w, https:\/\/lentuur.ee\/wp-content\/uploads\/2025\/12\/img_3380-480x270.jpg 480w\" sizes=\"(min-width: 0px) and (max-width: 480px) 480px, (min-width: 481px) and (max-width: 980px) 980px, (min-width: 981px) and (max-width: 1280px) 1280px, (min-width: 1281px) 2560px, 100vw\" title=\"\"><\/div><h4 class=\"custom-blog-title\"><a href=\"https:\/\/lentuur.ee\/et\/aarete-saar-gotland-ja-visby-parl\/\">Aarete saar Gotland ja Visby p\u00e4rl!<\/a><\/h4><div class=\"custom-blog-details\"><p class=\"custom-blog-date\"><p>17.07 &#8211; 19.07<\/p>\n<\/p><p class=\"custom-blog-category\">Laevareisid<\/p><div class=\"custom-blog-excerpt\">alates 189 \u20ac<\/div><\/div><a href=\"https:\/\/lentuur.ee\/et\/aarete-saar-gotland-ja-visby-parl\/\" class=\"custom-blog-button\">L\u00e4hemalt<\/a><\/div><div class=\"custom-blog-item\"><div class=\"custom-blog-image\"><img loading=\"lazy\" decoding=\"async\" width=\"1300\" height=\"867\" src=\"https:\/\/lentuur.ee\/wp-content\/uploads\/2025\/09\/norway-istock-e1761296887792.jpg\" class=\"attachment-post-thumbnail size-post-thumbnail wp-post-image\" alt=\"\" srcset=\"https:\/\/lentuur.ee\/wp-content\/uploads\/2025\/09\/norway-istock-e1761296887792.jpg 1300w, https:\/\/lentuur.ee\/wp-content\/uploads\/2025\/09\/norway-istock-1280x853.jpg 1280w, https:\/\/lentuur.ee\/wp-content\/uploads\/2025\/09\/norway-istock-980x653.jpg 980w, https:\/\/lentuur.ee\/wp-content\/uploads\/2025\/09\/norway-istock-480x320.jpg 480w\" sizes=\"(min-width: 0px) and (max-width: 480px) 480px, (min-width: 481px) and (max-width: 980px) 980px, (min-width: 981px) and (max-width: 1280px) 1280px, (min-width: 1281px) 1300px, 100vw\" title=\"\"><\/div><h4 class=\"custom-blog-title\"><a href=\"https:\/\/lentuur.ee\/et\/norra-fjordide-kuningriik\/\">Norra \u2013 fjordide kuningriik!<\/a><\/h4><div class=\"custom-blog-details\"><p class=\"custom-blog-date\"><p>19.07 &#8211; 25.07<\/p>\n<\/p><p class=\"custom-blog-category\">Bussireisid<\/p><div class=\"custom-blog-excerpt\">699 \u20ac<\/div><\/div><a href=\"https:\/\/lentuur.ee\/et\/norra-fjordide-kuningriik\/\" class=\"custom-blog-button\">L\u00e4hemalt<\/a><\/div><div class=\"custom-blog-item\"><div class=\"custom-blog-image\"><img loading=\"lazy\" decoding=\"async\" width=\"2560\" height=\"1920\" src=\"https:\/\/lentuur.ee\/wp-content\/uploads\/2025\/12\/img_3380-scaled.jpg\" class=\"attachment-post-thumbnail size-post-thumbnail wp-post-image\" alt=\"\" srcset=\"https:\/\/lentuur.ee\/wp-content\/uploads\/2025\/12\/img_3380-scaled.jpg 2560w, https:\/\/lentuur.ee\/wp-content\/uploads\/2025\/12\/img_3380-1280x720.jpg 1280w, https:\/\/lentuur.ee\/wp-content\/uploads\/2025\/12\/img_3380-980x551.jpg 980w, https:\/\/lentuur.ee\/wp-content\/uploads\/2025\/12\/img_3380-480x270.jpg 480w\" sizes=\"(min-width: 0px) and (max-width: 480px) 480px, (min-width: 481px) and (max-width: 980px) 980px, (min-width: 981px) and (max-width: 1280px) 1280px, (min-width: 1281px) 2560px, 100vw\" title=\"\"><\/div><h4 class=\"custom-blog-title\"><a href=\"https:\/\/lentuur.ee\/et\/aarete-saar-gotland-ja-visby-parl-2\/\">Aarete saar Gotland ja Visby p\u00e4rl!<\/a><\/h4><div class=\"custom-blog-details\"><p class=\"custom-blog-date\"><p>31.07 &#8211; 02.08<\/p>\n<\/p><p class=\"custom-blog-category\">Aktuaalsed<\/p><div class=\"custom-blog-excerpt\">alates 189 \u20ac<\/div><\/div><a href=\"https:\/\/lentuur.ee\/et\/aarete-saar-gotland-ja-visby-parl-2\/\" class=\"custom-blog-button\">L\u00e4hemalt<\/a><\/div><div class=\"custom-blog-item\"><div class=\"custom-blog-image\"><img loading=\"lazy\" decoding=\"async\" width=\"1512\" height=\"851\" src=\"https:\/\/lentuur.ee\/wp-content\/uploads\/2026\/01\/istock-turku.jpg\" class=\"attachment-post-thumbnail size-post-thumbnail wp-post-image\" alt=\"\" srcset=\"https:\/\/lentuur.ee\/wp-content\/uploads\/2026\/01\/istock-turku.jpg 1512w, https:\/\/lentuur.ee\/wp-content\/uploads\/2026\/01\/istock-turku-1280x720.jpg 1280w, https:\/\/lentuur.ee\/wp-content\/uploads\/2026\/01\/istock-turku-980x552.jpg 980w, https:\/\/lentuur.ee\/wp-content\/uploads\/2026\/01\/istock-turku-480x270.jpg 480w\" sizes=\"(min-width: 0px) and (max-width: 480px) 480px, (min-width: 481px) and (max-width: 980px) 980px, (min-width: 981px) and (max-width: 1280px) 1280px, (min-width: 1281px) 1512px, 100vw\" title=\"\"><\/div><h4 class=\"custom-blog-title\"><a href=\"https:\/\/lentuur.ee\/et\/soome-porvoo-helsingi-fazer\/\">Turku \u2013 Soome v\u00e4rav arhipelaagi!<\/a><\/h4><div class=\"custom-blog-details\"><p class=\"custom-blog-date\"><p>08.08.2026<\/p>\n<\/p><p class=\"custom-blog-category\">Laevareisid<\/p><div class=\"custom-blog-excerpt\">129 \u20ac<\/div><\/div><a href=\"https:\/\/lentuur.ee\/et\/soome-porvoo-helsingi-fazer\/\" class=\"custom-blog-button\">L\u00e4hemalt<\/a><\/div><div class=\"custom-blog-item\"><div class=\"custom-blog-image\"><img loading=\"lazy\" decoding=\"async\" width=\"1380\" height=\"760\" src=\"https:\/\/lentuur.ee\/wp-content\/uploads\/2026\/01\/istock-bergen.jpg\" class=\"attachment-post-thumbnail size-post-thumbnail wp-post-image\" alt=\"\" srcset=\"https:\/\/lentuur.ee\/wp-content\/uploads\/2026\/01\/istock-bergen.jpg 1380w, https:\/\/lentuur.ee\/wp-content\/uploads\/2026\/01\/istock-bergen-1280x705.jpg 1280w, https:\/\/lentuur.ee\/wp-content\/uploads\/2026\/01\/istock-bergen-980x540.jpg 980w, https:\/\/lentuur.ee\/wp-content\/uploads\/2026\/01\/istock-bergen-480x264.jpg 480w\" sizes=\"(min-width: 0px) and (max-width: 480px) 480px, (min-width: 481px) and (max-width: 980px) 980px, (min-width: 981px) and (max-width: 1280px) 1280px, (min-width: 1281px) 1380px, 100vw\" title=\"\"><\/div><h4 class=\"custom-blog-title\"><a href=\"https:\/\/lentuur.ee\/et\/norra-fjordide-kuningriik-3\/\">Norra \u2013 fjordide kuningriik!<\/a><\/h4><div class=\"custom-blog-details\"><p class=\"custom-blog-date\"><p>10.08 &#8211; 16.08<\/p>\n<\/p><p class=\"custom-blog-category\">Bussireisid<\/p><div class=\"custom-blog-excerpt\">699 \u20ac<\/div><\/div><a href=\"https:\/\/lentuur.ee\/et\/norra-fjordide-kuningriik-3\/\" class=\"custom-blog-button\">L\u00e4hemalt<\/a><\/div><div class=\"custom-blog-item\"><div class=\"custom-blog-image\"><img loading=\"lazy\" decoding=\"async\" width=\"1228\" height=\"854\" src=\"https:\/\/lentuur.ee\/wp-content\/uploads\/2026\/01\/istock-stockholm.jpg\" class=\"attachment-post-thumbnail size-post-thumbnail wp-post-image\" alt=\"\" srcset=\"https:\/\/lentuur.ee\/wp-content\/uploads\/2026\/01\/istock-stockholm.jpg 1228w, https:\/\/lentuur.ee\/wp-content\/uploads\/2026\/01\/istock-stockholm-980x682.jpg 980w, https:\/\/lentuur.ee\/wp-content\/uploads\/2026\/01\/istock-stockholm-480x334.jpg 480w\" sizes=\"(min-width: 0px) and (max-width: 480px) 480px, (min-width: 481px) and (max-width: 980px) 980px, (min-width: 981px) 1228px, 100vw\" title=\"\"><\/div><h4 class=\"custom-blog-title\"><a href=\"https:\/\/lentuur.ee\/et\/kruiis-rootsi-stockholm-ja-sigtuna\/\">Kruiis Rootsi: Stockholm ja Sigtuna!<\/a><\/h4><div class=\"custom-blog-details\"><p class=\"custom-blog-date\"><p>14 &#8211; 16.08<\/p>\n<\/p><p class=\"custom-blog-category\">Laevareisid<\/p><div class=\"custom-blog-excerpt\">\u043e\u0442 129 \u20ac<\/div><\/div><a href=\"https:\/\/lentuur.ee\/et\/kruiis-rootsi-stockholm-ja-sigtuna\/\" class=\"custom-blog-button\">L\u00e4hemalt<\/a><\/div><\/div>\n<p>[\/et_pb_text][\/et_pb_column][\/et_pb_row][\/et_pb_section]<\/p>\n","protected":false},"excerpt":{"rendered":"<p>[et_pb_section fb_built=&#8221;1&#8243; _builder_version=&#8221;4.27.3&#8243; _module_preset=&#8221;default&#8221; custom_padding=&#8221;0px||||false|false&#8221; global_colors_info=&#8221;{}&#8221;][et_pb_row _builder_version=&#8221;4.27.3&#8243; _module_preset=&#8221;default&#8221; global_colors_info=&#8221;{}&#8221;][et_pb_column type=&#8221;4_4&#8243; _builder_version=&#8221;4.27.3&#8243; _module_preset=&#8221;default&#8221; global_colors_info=&#8221;{}&#8221;][et_pb_text _builder_version=&#8221;4.27.4&#8243; _module_preset=&#8221;default&#8221; text_orientation=&#8221;center&#8221; global_colors_info=&#8221;{}&#8221;] Laevareisid Minge p\u00f5nevale reisile m\u00f6\u00f6da merd meie laevareisidega. Pakume hoolikalt planeeritud marsruute, kus iga detail on loodud teie mugavuseks ja naudinguks. Nautige maalilisi vaateid, meretuult ja uusi elamusi igal reisi etapil.[\/et_pb_text][\/et_pb_column][\/et_pb_row][et_pb_row _builder_version=&#8221;4.27.4&#8243; _module_preset=&#8221;default&#8221; hover_enabled=&#8221;0&#8243; global_colors_info=&#8221;{}&#8221; custom_padding=&#8221;0px||||false|false&#8221; sticky_enabled=&#8221;0&#8243;][et_pb_column type=&#8221;4_4&#8243; [&hellip;]<\/p>\n","protected":false},"author":2,"featured_media":0,"parent":0,"menu_order":0,"comment_status":"closed","ping_status":"closed","template":"","meta":{"_acf_changed":false,"_et_pb_use_builder":"on","_et_pb_old_content":"[et_pb_section fb_built=\"1\" _builder_version=\"4.27.3\" _module_preset=\"default\" custom_padding=\"0px||||false|false\" global_colors_info=\"{}\" theme_builder_area=\"post_content\"][et_pb_row _builder_version=\"4.27.3\" _module_preset=\"default\" global_colors_info=\"{}\" theme_builder_area=\"post_content\"][et_pb_column type=\"4_4\" _builder_version=\"4.27.3\" _module_preset=\"default\" global_colors_info=\"{}\" theme_builder_area=\"post_content\"][et_pb_text _builder_version=\"4.27.4\" _module_preset=\"default\" text_orientation=\"center\" hover_enabled=\"0\" global_colors_info=\"{}\" theme_builder_area=\"post_content\" sticky_enabled=\"0\"]<h1>\u041f\u0430\u0440\u043e\u043c\u043d\u044b\u0435 \u0442\u0443\u0440\u044b<\/h1>\r\n\u041e\u0442\u043f\u0440\u0430\u0432\u044c\u0442\u0435\u0441\u044c \u0432 \u0443\u0432\u043b\u0435\u043a\u0430\u0442\u0435\u043b\u044c\u043d\u043e\u0435 \u043f\u0443\u0442\u0435\u0448\u0435\u0441\u0442\u0432\u0438\u0435 \u043f\u043e \u0432\u043e\u0434\u0435 \u0441 \u043d\u0430\u0448\u0438\u043c\u0438 \u043f\u0430\u0440\u043e\u043c\u043d\u044b\u043c\u0438 \u0442\u0443\u0440\u0430\u043c\u0438. \u041c\u044b \u043f\u0440\u0435\u0434\u043b\u0430\u0433\u0430\u0435\u043c \u0442\u0449\u0430\u0442\u0435\u043b\u044c\u043d\u043e \u043f\u0440\u043e\u0434\u0443\u043c\u0430\u043d\u043d\u044b\u0435 \u043c\u0430\u0440\u0448\u0440\u0443\u0442\u044b, \u0433\u0434\u0435 \u043a\u0430\u0436\u0434\u0430\u044f \u0434\u0435\u0442\u0430\u043b\u044c \u0441\u043e\u0437\u0434\u0430\u043d\u0430 \u0434\u043b\u044f \u0432\u0430\u0448\u0435\u0433\u043e \u043a\u043e\u043c\u0444\u043e\u0440\u0442\u0430 \u0438 \u0443\u0434\u043e\u0432\u043e\u043b\u044c\u0441\u0442\u0432\u0438\u044f. \u041d\u0430\u0441\u043b\u0430\u0434\u0438\u0442\u0435\u0441\u044c \u0436\u0438\u0432\u043e\u043f\u0438\u0441\u043d\u044b\u043c\u0438 \u0432\u0438\u0434\u0430\u043c\u0438, \u043c\u043e\u0440\u0441\u043a\u0438\u043c \u0431\u0440\u0438\u0437\u043e\u043c \u0438 \u043d\u043e\u0432\u044b\u043c\u0438 \u0432\u043f\u0435\u0447\u0430\u0442\u043b\u0435\u043d\u0438\u044f\u043c\u0438 \u043d\u0430 \u043a\u0430\u0436\u0434\u043e\u043c \u044d\u0442\u0430\u043f\u0435 \u043f\u0443\u0442\u0438.[\/et_pb_text][\/et_pb_column][\/et_pb_row][et_pb_row _builder_version=\"4.27.3\" _module_preset=\"default\" global_colors_info=\"{}\" theme_builder_area=\"post_content\"][et_pb_column type=\"4_4\" _builder_version=\"4.27.3\" _module_preset=\"default\" global_colors_info=\"{}\" theme_builder_area=\"post_content\"][et_pb_text module_class=\"all-grid\" _builder_version=\"4.27.4\" _module_preset=\"default\" hover_enabled=\"0\" global_colors_info=\"{}\" theme_builder_area=\"post_content\" sticky_enabled=\"0\"]<p>[custom_blog id=\"5\" posts_per_page=\"100\"]<\/p>[\/et_pb_text][\/et_pb_column][\/et_pb_row][\/et_pb_section]","_et_gb_content_width":"","footnotes":""},"dipi_cpt_category":[],"class_list":["post-808","page","type-page","status-publish","hentry"],"acf":[],"_links":{"self":[{"href":"https:\/\/lentuur.ee\/et\/wp-json\/wp\/v2\/pages\/808","targetHints":{"allow":["GET"]}}],"collection":[{"href":"https:\/\/lentuur.ee\/et\/wp-json\/wp\/v2\/pages"}],"about":[{"href":"https:\/\/lentuur.ee\/et\/wp-json\/wp\/v2\/types\/page"}],"author":[{"embeddable":true,"href":"https:\/\/lentuur.ee\/et\/wp-json\/wp\/v2\/users\/2"}],"replies":[{"embeddable":true,"href":"https:\/\/lentuur.ee\/et\/wp-json\/wp\/v2\/comments?post=808"}],"version-history":[{"count":3,"href":"https:\/\/lentuur.ee\/et\/wp-json\/wp\/v2\/pages\/808\/revisions"}],"predecessor-version":[{"id":1278,"href":"https:\/\/lentuur.ee\/et\/wp-json\/wp\/v2\/pages\/808\/revisions\/1278"}],"wp:attachment":[{"href":"https:\/\/lentuur.ee\/et\/wp-json\/wp\/v2\/media?parent=808"}],"wp:term":[{"taxonomy":"dipi_cpt_category","embeddable":true,"href":"https:\/\/lentuur.ee\/et\/wp-json\/wp\/v2\/dipi_cpt_category?post=808"}],"curies":[{"name":"wp","href":"https:\/\/api.w.org\/{rel}","templated":true}]}}